{"id":1177,"date":"2023-02-20T08:05:15","date_gmt":"2023-02-20T07:05:15","guid":{"rendered":"https:\/\/www.lesseps.net\/contacto-copy\/"},"modified":"2024-12-20T16:22:23","modified_gmt":"2024-12-20T15:22:23","slug":"trabaja-con-nosotros","status":"publish","type":"page","link":"https:\/\/www.lesseps.net\/es\/contacta\/trabaja-con-nosotros\/","title":{"rendered":"Trabaja en l\u2019\u00c9cole"},"content":{"rendered":"\t\t<div data-elementor-type=\"wp-page\" data-elementor-id=\"1177\" class=\"elementor elementor-1177\" data-elementor-post-type=\"page\">\n\t\t\t\t\t\t<section class=\"elementor-section elementor-top-section elementor-element elementor-element-5ed5eef elementor-section-height-min-height elementor-section-items-stretch elementor-section-content-middle section-a-b img-nofit section-hero elementor-section-full_width elementor-section-height-default elementor-invisible\" data-id=\"5ed5eef\" data-element_type=\"section\" data-e-type=\"section\" data-settings=\"{&quot;animation&quot;:&quot;fadeIn&quot;}\">\n\t\t\t\t\t\t<div class=\"elementor-container elementor-column-gap-no\">\n\t\t\t\t\t<div class=\"elementor-column elementor-col-100 elementor-top-column elementor-element elementor-element-bcd7d00\" data-id=\"bcd7d00\" data-element_type=\"column\" data-e-type=\"column\">\n\t\t\t<div class=\"elementor-widget-wrap elementor-element-populated\">\n\t\t\t\t\t\t<div class=\"elementor-element elementor-element-75a209b elementor-hidden-tablet elementor-hidden-mobile elementor-widget elementor-widget-spacer\" data-id=\"75a209b\" data-element_type=\"widget\" data-e-type=\"widget\" data-widget_type=\"spacer.default\">\n\t\t\t\t<div class=\"elementor-widget-container\">\n\t\t\t\t\t\t\t<div class=\"elementor-spacer\">\n\t\t\t<div class=\"elementor-spacer-inner\"><\/div>\n\t\t<\/div>\n\t\t\t\t\t\t<\/div>\n\t\t\t\t<\/div>\n\t\t\t\t<section class=\"elementor-section elementor-inner-section elementor-element elementor-element-df42a24 elementor-section-height-min-height elementor-section-content-top section-hero  elementor-section-boxed elementor-section-height-default\" data-id=\"df42a24\" data-element_type=\"section\" data-e-type=\"section\">\n\t\t\t\t\t\t<div class=\"elementor-container elementor-column-gap-default\">\n\t\t\t\t\t<div class=\"elementor-column elementor-col-50 elementor-inner-column elementor-element elementor-element-1bb3b21\" data-id=\"1bb3b21\" data-element_type=\"column\" data-e-type=\"column\">\n\t\t\t<div class=\"elementor-widget-wrap elementor-element-populated\">\n\t\t\t\t\t\t<div class=\"elementor-element elementor-element-ea61736 elementor-widget elementor-widget-spacer\" data-id=\"ea61736\" data-element_type=\"widget\" data-e-type=\"widget\" data-widget_type=\"spacer.default\">\n\t\t\t\t<div class=\"elementor-widget-container\">\n\t\t\t\t\t\t\t<div class=\"elementor-spacer\">\n\t\t\t<div class=\"elementor-spacer-inner\"><\/div>\n\t\t<\/div>\n\t\t\t\t\t\t<\/div>\n\t\t\t\t<\/div>\n\t\t\t\t<div class=\"elementor-element elementor-element-cca771d h1 blue l-margin-sm elementor-widget__width-inherit elementor-widget elementor-widget-heading\" data-id=\"cca771d\" data-element_type=\"widget\" data-e-type=\"widget\" data-widget_type=\"heading.default\">\n\t\t\t\t<div class=\"elementor-widget-container\">\n\t\t\t\t\t<h1 class=\"elementor-heading-title elementor-size-default\">\u00danete a<br> \nla familia de l\u2019\u00c9cole<\/h1>\t\t\t\t<\/div>\n\t\t\t\t<\/div>\n\t\t\t\t<div class=\"elementor-element elementor-element-3f2ae8c h2 green elementor-widget elementor-widget-text-editor\" data-id=\"3f2ae8c\" data-element_type=\"widget\" data-e-type=\"widget\" data-widget_type=\"text-editor.default\">\n\t\t\t\t<div class=\"elementor-widget-container\">\n\t\t\t\t\t\t\t\t\t<p>Trabaja en un ambiente familiar, profesional y gratificante. En l\u2019\u00c9cole te sentir\u00e1s como en casa.<\/p>\t\t\t\t\t\t\t\t<\/div>\n\t\t\t\t<\/div>\n\t\t\t\t<div class=\"elementor-element elementor-element-ada3998 elementor-hidden-tablet elementor-hidden-mobile elementor-widget elementor-widget-spacer\" data-id=\"ada3998\" data-element_type=\"widget\" data-e-type=\"widget\" data-widget_type=\"spacer.default\">\n\t\t\t\t<div class=\"elementor-widget-container\">\n\t\t\t\t\t\t\t<div class=\"elementor-spacer\">\n\t\t\t<div class=\"elementor-spacer-inner\"><\/div>\n\t\t<\/div>\n\t\t\t\t\t\t<\/div>\n\t\t\t\t<\/div>\n\t\t\t\t\t<\/div>\n\t\t<\/div>\n\t\t\t\t<div class=\"elementor-column elementor-col-50 elementor-inner-column elementor-element elementor-element-a28097c\" data-id=\"a28097c\" data-element_type=\"column\" data-e-type=\"column\">\n\t\t\t<div class=\"elementor-widget-wrap elementor-element-populated\">\n\t\t\t\t\t\t<div class=\"elementor-element elementor-element-4597d0f img-full elementor-widget elementor-widget-image\" data-id=\"4597d0f\" data-element_type=\"widget\" data-e-type=\"widget\" data-widget_type=\"image.default\">\n\t\t\t\t<div class=\"elementor-widget-container\">\n\t\t\t\t\t\t\t\t\t\t\t\t\t\t\t<img decoding=\"async\" src=\"https:\/\/www.lesseps.net\/wp-content\/uploads\/elementor\/thumbs\/trabajar-en-lecole-q5jgubqm07xonvekfk7eza7hfgtp1ef9i05kmxpyqg.jpg\" title=\"trabajar-en-lecole\" alt=\"trabajar-en-lecole\" loading=\"lazy\" \/>\t\t\t\t\t\t\t\t\t\t\t\t\t\t\t<\/div>\n\t\t\t\t<\/div>\n\t\t\t\t\t<\/div>\n\t\t<\/div>\n\t\t\t\t\t<\/div>\n\t\t<\/section>\n\t\t\t\t<div class=\"elementor-element elementor-element-f5d82e4 elementor-widget__width-initial elementor-absolute primary elementor-widget elementor-widget-spacer\" data-id=\"f5d82e4\" data-element_type=\"widget\" data-e-type=\"widget\" data-settings=\"{&quot;_position&quot;:&quot;absolute&quot;,&quot;motion_fx_motion_fx_scrolling&quot;:&quot;yes&quot;,&quot;motion_fx_scale_effect&quot;:&quot;yes&quot;,&quot;motion_fx_scale_direction&quot;:&quot;out-in-out&quot;,&quot;motion_fx_scale_speed&quot;:{&quot;unit&quot;:&quot;px&quot;,&quot;size&quot;:5,&quot;sizes&quot;:[]},&quot;motion_fx_scale_range&quot;:{&quot;unit&quot;:&quot;%&quot;,&quot;size&quot;:&quot;&quot;,&quot;sizes&quot;:{&quot;start&quot;:54,&quot;end&quot;:80}},&quot;motion_fx_devices&quot;:[&quot;desktop&quot;,&quot;tablet&quot;,&quot;mobile&quot;]}\" data-widget_type=\"spacer.default\">\n\t\t\t\t<div class=\"elementor-widget-container\">\n\t\t\t\t\t\t\t<div class=\"elementor-spacer\">\n\t\t\t<div class=\"elementor-spacer-inner\"><\/div>\n\t\t<\/div>\n\t\t\t\t\t\t<\/div>\n\t\t\t\t<\/div>\n\t\t\t\t\t<\/div>\n\t\t<\/div>\n\t\t\t\t\t<\/div>\n\t\t<\/section>\n\t\t\t\t<div class=\"elementor-section elementor-top-section elementor-element elementor-element-f191bbf elementor-section-full_width figura figura-top elementor-section-height-default elementor-section-height-default\" data-id=\"f191bbf\" data-element_type=\"section\" data-e-type=\"section\">\n\t\t\t\t\t\t<div class=\"elementor-container elementor-column-gap-no\">\n\t\t\t\t\t<div class=\"elementor-column elementor-col-100 elementor-top-column elementor-element elementor-element-a267a3e\" data-id=\"a267a3e\" data-element_type=\"column\" data-e-type=\"column\">\n\t\t\t<div class=\"elementor-widget-wrap elementor-element-populated\">\n\t\t\t\t\t\t<div class=\"elementor-element elementor-element-aff163a e-transform elementor-view-default elementor-widget elementor-widget-icon\" data-id=\"aff163a\" data-element_type=\"widget\" data-e-type=\"widget\" data-settings=\"{&quot;_transform_translateY_effect&quot;:{&quot;unit&quot;:&quot;%&quot;,&quot;size&quot;:50,&quot;sizes&quot;:[]},&quot;_transform_translateY_effect_tablet&quot;:{&quot;unit&quot;:&quot;%&quot;,&quot;size&quot;:&quot;&quot;,&quot;sizes&quot;:[]},&quot;_transform_translateY_effect_mobile&quot;:{&quot;unit&quot;:&quot;%&quot;,&quot;size&quot;:&quot;&quot;,&quot;sizes&quot;:[]},&quot;_transform_translateX_effect&quot;:{&quot;unit&quot;:&quot;px&quot;,&quot;size&quot;:&quot;&quot;,&quot;sizes&quot;:[]},&quot;_transform_translateX_effect_tablet&quot;:{&quot;unit&quot;:&quot;px&quot;,&quot;size&quot;:&quot;&quot;,&quot;sizes&quot;:[]},&quot;_transform_translateX_effect_mobile&quot;:{&quot;unit&quot;:&quot;px&quot;,&quot;size&quot;:&quot;&quot;,&quot;sizes&quot;:[]}}\" data-widget_type=\"icon.default\">\n\t\t\t\t<div class=\"elementor-widget-container\">\n\t\t\t\t\t\t\t<div class=\"elementor-icon-wrapper\">\n\t\t\t<div class=\"elementor-icon\">\n\t\t\t<svg xmlns=\"http:\/\/www.w3.org\/2000\/svg\" xmlns:xlink=\"http:\/\/www.w3.org\/1999\/xlink\" viewBox=\"0 0 177 234\" preserveAspectRatio=\"xMinYMax\"><path d=\"M.30697445 233.72803146-75.9949304 128.47586132 100.5048626.52343628l76.30190484 105.25217013z\"><\/path><\/svg>\t\t\t<\/div>\n\t\t<\/div>\n\t\t\t\t\t\t<\/div>\n\t\t\t\t<\/div>\n\t\t\t\t\t<\/div>\n\t\t<\/div>\n\t\t\t\t\t<\/div>\n\t\t<\/div>\n\t\t\t\t<section class=\"elementor-section elementor-top-section elementor-element elementor-element-8e38b5e section-color-lightest elementor-reverse-mobile elementor-section-boxed elementor-section-height-default elementor-section-height-default\" data-id=\"8e38b5e\" data-element_type=\"section\" data-e-type=\"section\">\n\t\t\t\t\t\t\t<div class=\"elementor-background-overlay\"><\/div>\n\t\t\t\t\t\t\t<div class=\"elementor-container elementor-column-gap-default\">\n\t\t\t\t\t<div class=\"elementor-column elementor-col-33 elementor-top-column elementor-element elementor-element-1957405\" data-id=\"1957405\" data-element_type=\"column\" data-e-type=\"column\">\n\t\t\t<div class=\"elementor-widget-wrap elementor-element-populated\">\n\t\t\t\t\t\t<div class=\"elementor-element elementor-element-9e404fd elementor-widget elementor-widget-global elementor-global-5022 elementor-widget-image\" data-id=\"9e404fd\" data-element_type=\"widget\" data-e-type=\"widget\" data-widget_type=\"image.default\">\n\t\t\t\t<div class=\"elementor-widget-container\">\n\t\t\t\t\t\t\t\t\t\t\t\t\t\t\t\t<a href=\"https:\/\/www.lesseps.net\/es\/\">\n\t\t\t\t\t\t\t<img decoding=\"async\" width=\"1\" height=\"1\" src=\"https:\/\/www.lesseps.net\/wp-content\/uploads\/2023\/09\/logo_aefe.svg\" class=\"attachment-large size-large wp-image-7642\" alt=\"\" \/>\t\t\t\t\t\t\t\t<\/a>\n\t\t\t\t\t\t\t\t\t\t\t\t\t\t\t<\/div>\n\t\t\t\t<\/div>\n\t\t\t\t<div class=\"elementor-element elementor-element-c7a7b6b l-margin-md elementor-widget elementor-widget-text-editor\" data-id=\"c7a7b6b\" data-element_type=\"widget\" data-e-type=\"widget\" data-widget_type=\"text-editor.default\">\n\t\t\t\t<div class=\"elementor-widget-container\">\n\t\t\t\t\t\t\t\t\t<p>Si tienes alguna duda,<br \/>contacta con nosotros.<\/p>\t\t\t\t\t\t\t\t<\/div>\n\t\t\t\t<\/div>\n\t\t\t\t<div class=\"elementor-element elementor-element-0ff70f8 btn--green elementor-widget elementor-widget-button\" data-id=\"0ff70f8\" data-element_type=\"widget\" data-e-type=\"widget\" data-widget_type=\"button.default\">\n\t\t\t\t<div class=\"elementor-widget-container\">\n\t\t\t\t\t\t\t\t\t<div class=\"elementor-button-wrapper\">\n\t\t\t\t\t<a class=\"elementor-button elementor-button-link elementor-size-sm\" href=\"https:\/\/www.lesseps.net\/contacto\/\">\n\t\t\t\t\t\t<span class=\"elementor-button-content-wrapper\">\n\t\t\t\t\t\t\t\t\t<span class=\"elementor-button-text\">Contacta<\/span>\n\t\t\t\t\t<\/span>\n\t\t\t\t\t<\/a>\n\t\t\t\t<\/div>\n\t\t\t\t\t\t\t\t<\/div>\n\t\t\t\t<\/div>\n\t\t\t\t\t<\/div>\n\t\t<\/div>\n\t\t\t\t<div class=\"elementor-column elementor-col-66 elementor-top-column elementor-element elementor-element-110fe42\" data-id=\"110fe42\" data-element_type=\"column\" data-e-type=\"column\">\n\t\t\t<div class=\"elementor-widget-wrap elementor-element-populated\">\n\t\t\t\t\t\t<div class=\"elementor-element elementor-element-3fa7c14 elementor-widget elementor-widget-menu-anchor\" data-id=\"3fa7c14\" data-element_type=\"widget\" data-e-type=\"widget\" data-widget_type=\"menu-anchor.default\">\n\t\t\t\t<div class=\"elementor-widget-container\">\n\t\t\t\t\t\t\t<div class=\"elementor-menu-anchor\" id=\"formulario\"><\/div>\n\t\t\t\t\t\t<\/div>\n\t\t\t\t<\/div>\n\t\t\t\t<div class=\"elementor-element elementor-element-1efcb4d h3 pink elementor-widget elementor-widget-heading\" data-id=\"1efcb4d\" data-element_type=\"widget\" data-e-type=\"widget\" data-widget_type=\"heading.default\">\n\t\t\t\t<div class=\"elementor-widget-container\">\n\t\t\t\t\t<h2 class=\"elementor-heading-title elementor-size-default\">Escr\u00edbenos !<\/h2>\t\t\t\t<\/div>\n\t\t\t\t<\/div>\n\t\t\t\t<div class=\"elementor-element elementor-element-a722576 elementor-widget elementor-widget-text-editor\" data-id=\"a722576\" data-element_type=\"widget\" data-e-type=\"widget\" data-widget_type=\"text-editor.default\">\n\t\t\t\t<div class=\"elementor-widget-container\">\n\t\t\t\t\t\t\t\t\tEnv\u00eda tu candidatura a\u00a0<a title=\"Enviar un email\" href=\"mailto:recrutement@ecolelesseps.net?subject=Trabajar en l'\u00c9cole\" target=\"_blank\" rel=\"noopener\">recrutement@ecolelesseps.net<\/a>\n<br>\n<br>\nPour les personnels d\u00e9tach\u00e9s AEFE (ex-r\u00e9sidents), cliquez sur ce <a href=\"https:\/\/french-international-schools.com\/recrutement\/\">lien<\/a> pour acc\u00e9der au dossier de candidature.\t\t\t\t\t\t\t\t<\/div>\n\t\t\t\t<\/div>\n\t\t\t\t\t<\/div>\n\t\t<\/div>\n\t\t\t\t\t<\/div>\n\t\t<\/section>\n\t\t\t\t<\/div>\n\t\t","protected":false},"excerpt":{"rendered":"<p>\u00danete a la familia de l\u2019\u00c9cole Trabaja en un ambiente familiar, profesional y gratificante. En l\u2019\u00c9cole te sentir\u00e1s como en casa. Si tienes alguna duda,contacta con nosotros. Contacta Escr\u00edbenos ! Env\u00eda tu candidatura a\u00a0recrutement@ecolelesseps.net Pour les personnels d\u00e9tach\u00e9s AEFE (ex-r\u00e9sidents), cliquez sur ce lien pour acc\u00e9der au dossier de candidature.<\/p>\n","protected":false},"author":1,"featured_media":0,"parent":2926,"menu_order":650,"comment_status":"closed","ping_status":"closed","template":"","meta":{"_acf_changed":false,"footnotes":""},"class_list":["post-1177","page","type-page","status-publish","hentry"],"acf":[],"yoast_head":"<!-- This site is optimized with the Yoast SEO plugin v27.2 - https:\/\/yoast.com\/product\/yoast-seo-wordpress\/ -->\n<title>Trabaja con Nosotros | \u00c9cole Ferdinand de Lesseps<\/title>\n<meta name=\"description\" content=\"\u00bfQuieres formar parte de la mejor Escuela Francesa en Barcelona? Trabaja con nosotros y cumple todos tus objetivos.\" \/>\n<meta name=\"robots\" content=\"index, follow, max-snippet:-1, max-image-preview:large, max-video-preview:-1\" \/>\n<link rel=\"canonical\" href=\"https:\/\/www.lesseps.net\/es\/contacta\/trabaja-con-nosotros\/\" \/>\n<meta property=\"og:locale\" content=\"es_ES\" \/>\n<meta property=\"og:type\" content=\"article\" \/>\n<meta property=\"og:title\" content=\"Trabaja con Nosotros | \u00c9cole Ferdinand de Lesseps\" \/>\n<meta property=\"og:description\" content=\"\u00bfQuieres formar parte de la mejor Escuela Francesa en Barcelona? Trabaja con nosotros y cumple todos tus objetivos.\" \/>\n<meta property=\"og:url\" content=\"https:\/\/www.lesseps.net\/es\/contacta\/trabaja-con-nosotros\/\" \/>\n<meta property=\"og:site_name\" content=\"\u00c9cole fran\u00e7aise FERDINAND DE LESSEPS\" \/>\n<meta property=\"article:modified_time\" content=\"2024-12-20T15:22:23+00:00\" \/>\n<meta property=\"og:image\" content=\"https:\/\/www.lesseps.net\/wp-content\/uploads\/elementor\/thumbs\/trabajar-en-lecole-q5jgubqm07xonvekfk7eza7hfgtp1ef9i05kmxpyqg.jpg\" \/>\n<meta name=\"twitter:card\" content=\"summary_large_image\" \/>\n<meta name=\"twitter:label1\" content=\"Tiempo de lectura\" \/>\n\t<meta name=\"twitter:data1\" content=\"1 minuto\" \/>\n<script type=\"application\/ld+json\" class=\"yoast-schema-graph\">{\"@context\":\"https:\/\/schema.org\",\"@graph\":[{\"@type\":\"WebPage\",\"@id\":\"https:\/\/www.lesseps.net\/es\/contacta\/trabaja-con-nosotros\/\",\"url\":\"https:\/\/www.lesseps.net\/es\/contacta\/trabaja-con-nosotros\/\",\"name\":\"Trabaja con Nosotros | \u00c9cole Ferdinand de Lesseps\",\"isPartOf\":{\"@id\":\"https:\/\/www.lesseps.net\/es\/#website\"},\"primaryImageOfPage\":{\"@id\":\"https:\/\/www.lesseps.net\/es\/contacta\/trabaja-con-nosotros\/#primaryimage\"},\"image\":{\"@id\":\"https:\/\/www.lesseps.net\/es\/contacta\/trabaja-con-nosotros\/#primaryimage\"},\"thumbnailUrl\":\"https:\/\/www.lesseps.net\/wp-content\/uploads\/elementor\/thumbs\/trabajar-en-lecole-q5jgubqm07xonvekfk7eza7hfgtp1ef9i05kmxpyqg.jpg\",\"datePublished\":\"2023-02-20T07:05:15+00:00\",\"dateModified\":\"2024-12-20T15:22:23+00:00\",\"description\":\"\u00bfQuieres formar parte de la mejor Escuela Francesa en Barcelona? Trabaja con nosotros y cumple todos tus objetivos.\",\"breadcrumb\":{\"@id\":\"https:\/\/www.lesseps.net\/es\/contacta\/trabaja-con-nosotros\/#breadcrumb\"},\"inLanguage\":\"es\",\"potentialAction\":[{\"@type\":\"ReadAction\",\"target\":[\"https:\/\/www.lesseps.net\/es\/contacta\/trabaja-con-nosotros\/\"]}]},{\"@type\":\"ImageObject\",\"inLanguage\":\"es\",\"@id\":\"https:\/\/www.lesseps.net\/es\/contacta\/trabaja-con-nosotros\/#primaryimage\",\"url\":\"https:\/\/www.lesseps.net\/wp-content\/uploads\/elementor\/thumbs\/trabajar-en-lecole-q5jgubqm07xonvekfk7eza7hfgtp1ef9i05kmxpyqg.jpg\",\"contentUrl\":\"https:\/\/www.lesseps.net\/wp-content\/uploads\/elementor\/thumbs\/trabajar-en-lecole-q5jgubqm07xonvekfk7eza7hfgtp1ef9i05kmxpyqg.jpg\"},{\"@type\":\"BreadcrumbList\",\"@id\":\"https:\/\/www.lesseps.net\/es\/contacta\/trabaja-con-nosotros\/#breadcrumb\",\"itemListElement\":[{\"@type\":\"ListItem\",\"position\":1,\"name\":\"Portada\",\"item\":\"https:\/\/www.lesseps.net\/es\/\"},{\"@type\":\"ListItem\",\"position\":2,\"name\":\"Contacto\",\"item\":\"https:\/\/www.lesseps.net\/es\/contacta\/\"},{\"@type\":\"ListItem\",\"position\":3,\"name\":\"Trabaja en l\u2019\u00c9cole\"}]},{\"@type\":\"WebSite\",\"@id\":\"https:\/\/www.lesseps.net\/es\/#website\",\"url\":\"https:\/\/www.lesseps.net\/es\/\",\"name\":\"\u00c9cole fran\u00e7aise FERDINAND DE LESSEPS\",\"description\":\"Barcelona\",\"publisher\":{\"@id\":\"https:\/\/www.lesseps.net\/es\/#organization\"},\"potentialAction\":[{\"@type\":\"SearchAction\",\"target\":{\"@type\":\"EntryPoint\",\"urlTemplate\":\"https:\/\/www.lesseps.net\/es\/?s={search_term_string}\"},\"query-input\":{\"@type\":\"PropertyValueSpecification\",\"valueRequired\":true,\"valueName\":\"search_term_string\"}}],\"inLanguage\":\"es\"},{\"@type\":\"Organization\",\"@id\":\"https:\/\/www.lesseps.net\/es\/#organization\",\"name\":\"\u00c9cole fran\u00e7aise FERDINAND DE LESSEPS\",\"url\":\"https:\/\/www.lesseps.net\/es\/\",\"logo\":{\"@type\":\"ImageObject\",\"inLanguage\":\"es\",\"@id\":\"https:\/\/www.lesseps.net\/es\/#\/schema\/logo\/image\/\",\"url\":\"https:\/\/www.lesseps.net\/wp-content\/uploads\/2023\/02\/ecole-francaise-ferniand-de-lesseps.svg\",\"contentUrl\":\"https:\/\/www.lesseps.net\/wp-content\/uploads\/2023\/02\/ecole-francaise-ferniand-de-lesseps.svg\",\"caption\":\"\u00c9cole fran\u00e7aise FERDINAND DE LESSEPS\"},\"image\":{\"@id\":\"https:\/\/www.lesseps.net\/es\/#\/schema\/logo\/image\/\"},\"sameAs\":[\"https:\/\/www.instagram.com\/ecole.lesseps.barcelone\/\",\"https:\/\/vimeo.com\/channels\/1305370\",\"https:\/\/soundcloud.com\/lecole-2\"]}]}<\/script>\n<!-- \/ Yoast SEO plugin. -->","yoast_head_json":{"title":"Trabaja con Nosotros | \u00c9cole Ferdinand de Lesseps","description":"\u00bfQuieres formar parte de la mejor Escuela Francesa en Barcelona? Trabaja con nosotros y cumple todos tus objetivos.","robots":{"index":"index","follow":"follow","max-snippet":"max-snippet:-1","max-image-preview":"max-image-preview:large","max-video-preview":"max-video-preview:-1"},"canonical":"https:\/\/www.lesseps.net\/es\/contacta\/trabaja-con-nosotros\/","og_locale":"es_ES","og_type":"article","og_title":"Trabaja con Nosotros | \u00c9cole Ferdinand de Lesseps","og_description":"\u00bfQuieres formar parte de la mejor Escuela Francesa en Barcelona? Trabaja con nosotros y cumple todos tus objetivos.","og_url":"https:\/\/www.lesseps.net\/es\/contacta\/trabaja-con-nosotros\/","og_site_name":"\u00c9cole fran\u00e7aise FERDINAND DE LESSEPS","article_modified_time":"2024-12-20T15:22:23+00:00","og_image":[{"url":"https:\/\/www.lesseps.net\/wp-content\/uploads\/elementor\/thumbs\/trabajar-en-lecole-q5jgubqm07xonvekfk7eza7hfgtp1ef9i05kmxpyqg.jpg","type":"","width":"","height":""}],"twitter_card":"summary_large_image","twitter_misc":{"Tiempo de lectura":"1 minuto"},"schema":{"@context":"https:\/\/schema.org","@graph":[{"@type":"WebPage","@id":"https:\/\/www.lesseps.net\/es\/contacta\/trabaja-con-nosotros\/","url":"https:\/\/www.lesseps.net\/es\/contacta\/trabaja-con-nosotros\/","name":"Trabaja con Nosotros | \u00c9cole Ferdinand de Lesseps","isPartOf":{"@id":"https:\/\/www.lesseps.net\/es\/#website"},"primaryImageOfPage":{"@id":"https:\/\/www.lesseps.net\/es\/contacta\/trabaja-con-nosotros\/#primaryimage"},"image":{"@id":"https:\/\/www.lesseps.net\/es\/contacta\/trabaja-con-nosotros\/#primaryimage"},"thumbnailUrl":"https:\/\/www.lesseps.net\/wp-content\/uploads\/elementor\/thumbs\/trabajar-en-lecole-q5jgubqm07xonvekfk7eza7hfgtp1ef9i05kmxpyqg.jpg","datePublished":"2023-02-20T07:05:15+00:00","dateModified":"2024-12-20T15:22:23+00:00","description":"\u00bfQuieres formar parte de la mejor Escuela Francesa en Barcelona? Trabaja con nosotros y cumple todos tus objetivos.","breadcrumb":{"@id":"https:\/\/www.lesseps.net\/es\/contacta\/trabaja-con-nosotros\/#breadcrumb"},"inLanguage":"es","potentialAction":[{"@type":"ReadAction","target":["https:\/\/www.lesseps.net\/es\/contacta\/trabaja-con-nosotros\/"]}]},{"@type":"ImageObject","inLanguage":"es","@id":"https:\/\/www.lesseps.net\/es\/contacta\/trabaja-con-nosotros\/#primaryimage","url":"https:\/\/www.lesseps.net\/wp-content\/uploads\/elementor\/thumbs\/trabajar-en-lecole-q5jgubqm07xonvekfk7eza7hfgtp1ef9i05kmxpyqg.jpg","contentUrl":"https:\/\/www.lesseps.net\/wp-content\/uploads\/elementor\/thumbs\/trabajar-en-lecole-q5jgubqm07xonvekfk7eza7hfgtp1ef9i05kmxpyqg.jpg"},{"@type":"BreadcrumbList","@id":"https:\/\/www.lesseps.net\/es\/contacta\/trabaja-con-nosotros\/#breadcrumb","itemListElement":[{"@type":"ListItem","position":1,"name":"Portada","item":"https:\/\/www.lesseps.net\/es\/"},{"@type":"ListItem","position":2,"name":"Contacto","item":"https:\/\/www.lesseps.net\/es\/contacta\/"},{"@type":"ListItem","position":3,"name":"Trabaja en l\u2019\u00c9cole"}]},{"@type":"WebSite","@id":"https:\/\/www.lesseps.net\/es\/#website","url":"https:\/\/www.lesseps.net\/es\/","name":"\u00c9cole fran\u00e7aise FERDINAND DE LESSEPS","description":"Barcelona","publisher":{"@id":"https:\/\/www.lesseps.net\/es\/#organization"},"potentialAction":[{"@type":"SearchAction","target":{"@type":"EntryPoint","urlTemplate":"https:\/\/www.lesseps.net\/es\/?s={search_term_string}"},"query-input":{"@type":"PropertyValueSpecification","valueRequired":true,"valueName":"search_term_string"}}],"inLanguage":"es"},{"@type":"Organization","@id":"https:\/\/www.lesseps.net\/es\/#organization","name":"\u00c9cole fran\u00e7aise FERDINAND DE LESSEPS","url":"https:\/\/www.lesseps.net\/es\/","logo":{"@type":"ImageObject","inLanguage":"es","@id":"https:\/\/www.lesseps.net\/es\/#\/schema\/logo\/image\/","url":"https:\/\/www.lesseps.net\/wp-content\/uploads\/2023\/02\/ecole-francaise-ferniand-de-lesseps.svg","contentUrl":"https:\/\/www.lesseps.net\/wp-content\/uploads\/2023\/02\/ecole-francaise-ferniand-de-lesseps.svg","caption":"\u00c9cole fran\u00e7aise FERDINAND DE LESSEPS"},"image":{"@id":"https:\/\/www.lesseps.net\/es\/#\/schema\/logo\/image\/"},"sameAs":["https:\/\/www.instagram.com\/ecole.lesseps.barcelone\/","https:\/\/vimeo.com\/channels\/1305370","https:\/\/soundcloud.com\/lecole-2"]}]}},"_links":{"self":[{"href":"https:\/\/www.lesseps.net\/es\/wp-json\/wp\/v2\/pages\/1177","targetHints":{"allow":["GET"]}}],"collection":[{"href":"https:\/\/www.lesseps.net\/es\/wp-json\/wp\/v2\/pages"}],"about":[{"href":"https:\/\/www.lesseps.net\/es\/wp-json\/wp\/v2\/types\/page"}],"author":[{"embeddable":true,"href":"https:\/\/www.lesseps.net\/es\/wp-json\/wp\/v2\/users\/1"}],"replies":[{"embeddable":true,"href":"https:\/\/www.lesseps.net\/es\/wp-json\/wp\/v2\/comments?post=1177"}],"version-history":[{"count":15,"href":"https:\/\/www.lesseps.net\/es\/wp-json\/wp\/v2\/pages\/1177\/revisions"}],"predecessor-version":[{"id":11117,"href":"https:\/\/www.lesseps.net\/es\/wp-json\/wp\/v2\/pages\/1177\/revisions\/11117"}],"up":[{"embeddable":true,"href":"https:\/\/www.lesseps.net\/es\/wp-json\/wp\/v2\/pages\/2926"}],"wp:attachment":[{"href":"https:\/\/www.lesseps.net\/es\/wp-json\/wp\/v2\/media?parent=1177"}],"curies":[{"name":"wp","href":"https:\/\/api.w.org\/{rel}","templated":true}]}}