{"id":6136,"date":"2023-02-20T08:05:03","date_gmt":"2023-02-20T07:05:03","guid":{"rendered":"https:\/\/www.lesseps.net\/inscriptions\/visite-personnalisee\/"},"modified":"2026-05-04T11:50:48","modified_gmt":"2026-05-04T09:50:48","slug":"visite-personnalisee","status":"publish","type":"page","link":"https:\/\/www.lesseps.net\/fr\/inscriptions\/visite-personnalisee\/","title":{"rendered":"Visite personnalis\u00e9e"},"content":{"rendered":"\t\t<div data-elementor-type=\"wp-page\" data-elementor-id=\"6136\" class=\"elementor elementor-6136 elementor-1175\" data-elementor-post-type=\"page\">\n\t\t\t\t\t\t<section class=\"elementor-section elementor-top-section elementor-element elementor-element-86e3a7b elementor-section-height-min-height elementor-section-items-stretch elementor-section-content-middle section-a-b img-nofit section-hero elementor-section-full_width elementor-section-height-default elementor-invisible\" data-id=\"86e3a7b\" data-element_type=\"section\" data-e-type=\"section\" data-settings=\"{&quot;animation&quot;:&quot;fadeIn&quot;}\">\n\t\t\t\t\t\t<div class=\"elementor-container elementor-column-gap-no\">\n\t\t\t\t\t<div class=\"elementor-column elementor-col-100 elementor-top-column elementor-element elementor-element-2d5c58e\" data-id=\"2d5c58e\" data-element_type=\"column\" data-e-type=\"column\">\n\t\t\t<div class=\"elementor-widget-wrap elementor-element-populated\">\n\t\t\t\t\t\t<section class=\"elementor-section elementor-inner-section elementor-element elementor-element-c642e21 elementor-section-height-min-height elementor-section-content-middle section-hero  elementor-section-boxed elementor-section-height-default\" data-id=\"c642e21\" data-element_type=\"section\" data-e-type=\"section\">\n\t\t\t\t\t\t<div class=\"elementor-container elementor-column-gap-default\">\n\t\t\t\t\t<div class=\"elementor-column elementor-col-50 elementor-inner-column elementor-element elementor-element-12a362d\" data-id=\"12a362d\" data-element_type=\"column\" data-e-type=\"column\">\n\t\t\t<div class=\"elementor-widget-wrap elementor-element-populated\">\n\t\t\t\t\t\t<div class=\"elementor-element elementor-element-3fb314b elementor-widget elementor-widget-spacer\" data-id=\"3fb314b\" data-element_type=\"widget\" data-e-type=\"widget\" data-widget_type=\"spacer.default\">\n\t\t\t\t<div class=\"elementor-widget-container\">\n\t\t\t\t\t\t\t<div class=\"elementor-spacer\">\n\t\t\t<div class=\"elementor-spacer-inner\"><\/div>\n\t\t<\/div>\n\t\t\t\t\t\t<\/div>\n\t\t\t\t<\/div>\n\t\t\t\t<div class=\"elementor-element elementor-element-a79a277 h1 blue l-margin-sm elementor-widget elementor-widget-heading\" data-id=\"a79a277\" data-element_type=\"widget\" data-e-type=\"widget\" data-widget_type=\"heading.default\">\n\t\t\t\t<div class=\"elementor-widget-container\">\n\t\t\t\t\t<p class=\"elementor-heading-title elementor-size-default\">Venez<BR> d\u00e9couvrir l\u2019\u00c9cole<\/p>\t\t\t\t<\/div>\n\t\t\t\t<\/div>\n\t\t\t\t<div class=\"elementor-element elementor-element-d976a15 h2 secondary elementor-widget elementor-widget-text-editor\" data-id=\"d976a15\" data-element_type=\"widget\" data-e-type=\"widget\" data-widget_type=\"text-editor.default\">\n\t\t\t\t<div class=\"elementor-widget-container\">\n\t\t\t\t\t\t\t\t\t<p>Nous serons ravis de vous expliquer le fonctionnement de notre \u00e9cole.<\/p>\n\t\t\t\t\t\t\t\t<\/div>\n\t\t\t\t<\/div>\n\t\t\t\t<div class=\"elementor-element elementor-element-0c6daa9 btn--green hover-yellow elementor-mobile-align-left elementor-widget elementor-widget-button\" data-id=\"0c6daa9\" data-element_type=\"widget\" data-e-type=\"widget\" data-widget_type=\"button.default\">\n\t\t\t\t<div class=\"elementor-widget-container\">\n\t\t\t\t\t\t\t\t\t<div class=\"elementor-button-wrapper\">\n\t\t\t\t\t<a class=\"elementor-button elementor-button-link elementor-size-sm\" href=\"https:\/\/www.lesseps.net\/fr\/contact\/\">\n\t\t\t\t\t\t<span class=\"elementor-button-content-wrapper\">\n\t\t\t\t\t\t\t\t\t<span class=\"elementor-button-text\">Contact<\/span>\n\t\t\t\t\t<\/span>\n\t\t\t\t\t<\/a>\n\t\t\t\t<\/div>\n\t\t\t\t\t\t\t\t<\/div>\n\t\t\t\t<\/div>\n\t\t\t\t\t<\/div>\n\t\t<\/div>\n\t\t\t\t<div class=\"elementor-column elementor-col-50 elementor-inner-column elementor-element elementor-element-f2d22d3\" data-id=\"f2d22d3\" data-element_type=\"column\" data-e-type=\"column\">\n\t\t\t<div class=\"elementor-widget-wrap elementor-element-populated\">\n\t\t\t\t\t\t<div class=\"elementor-element elementor-element-c57d3bb img-full elementor-widget elementor-widget-image\" data-id=\"c57d3bb\" data-element_type=\"widget\" data-e-type=\"widget\" data-widget_type=\"image.default\">\n\t\t\t\t<div class=\"elementor-widget-container\">\n\t\t\t\t\t\t\t\t\t\t\t\t\t\t\t<img fetchpriority=\"high\" decoding=\"async\" width=\"768\" height=\"680\" src=\"https:\/\/www.lesseps.net\/wp-content\/uploads\/2023\/04\/14-e1680623343174-768x680.jpg\" class=\"attachment-medium_large size-medium_large wp-image-5521\" alt=\"\" srcset=\"https:\/\/www.lesseps.net\/wp-content\/uploads\/2023\/04\/14-e1680623343174-768x680.jpg 768w, https:\/\/www.lesseps.net\/wp-content\/uploads\/2023\/04\/14-e1680623343174-300x266.jpg 300w, https:\/\/www.lesseps.net\/wp-content\/uploads\/2023\/04\/14-e1680623343174-1024x906.jpg 1024w, https:\/\/www.lesseps.net\/wp-content\/uploads\/2023\/04\/14-e1680623343174-1536x1359.jpg 1536w, https:\/\/www.lesseps.net\/wp-content\/uploads\/2023\/04\/14-e1680623343174.jpg 1600w\" sizes=\"(max-width: 768px) 100vw, 768px\" \/>\t\t\t\t\t\t\t\t\t\t\t\t\t\t\t<\/div>\n\t\t\t\t<\/div>\n\t\t\t\t\t<\/div>\n\t\t<\/div>\n\t\t\t\t\t<\/div>\n\t\t<\/section>\n\t\t\t\t<div class=\"elementor-element elementor-element-e7fdefb elementor-widget__width-initial elementor-absolute primary elementor-widget elementor-widget-spacer\" data-id=\"e7fdefb\" data-element_type=\"widget\" data-e-type=\"widget\" data-settings=\"{&quot;_position&quot;:&quot;absolute&quot;,&quot;motion_fx_motion_fx_scrolling&quot;:&quot;yes&quot;,&quot;motion_fx_scale_effect&quot;:&quot;yes&quot;,&quot;motion_fx_scale_direction&quot;:&quot;out-in-out&quot;,&quot;motion_fx_scale_speed&quot;:{&quot;unit&quot;:&quot;px&quot;,&quot;size&quot;:5,&quot;sizes&quot;:[]},&quot;motion_fx_scale_range&quot;:{&quot;unit&quot;:&quot;%&quot;,&quot;size&quot;:&quot;&quot;,&quot;sizes&quot;:{&quot;start&quot;:54,&quot;end&quot;:80}},&quot;motion_fx_devices&quot;:[&quot;desktop&quot;,&quot;tablet&quot;,&quot;mobile&quot;]}\" data-widget_type=\"spacer.default\">\n\t\t\t\t<div class=\"elementor-widget-container\">\n\t\t\t\t\t\t\t<div class=\"elementor-spacer\">\n\t\t\t<div class=\"elementor-spacer-inner\"><\/div>\n\t\t<\/div>\n\t\t\t\t\t\t<\/div>\n\t\t\t\t<\/div>\n\t\t\t\t\t<\/div>\n\t\t<\/div>\n\t\t\t\t\t<\/div>\n\t\t<\/section>\n\t\t\t\t<div class=\"elementor-section elementor-top-section elementor-element elementor-element-fc45039 elementor-section-full_width figura pink xs-figura figura-xs elementor-section-height-default elementor-section-height-default\" data-id=\"fc45039\" data-element_type=\"section\" data-e-type=\"section\">\n\t\t\t\t\t\t<div class=\"elementor-container elementor-column-gap-no\">\n\t\t\t\t\t<div class=\"elementor-column elementor-col-100 elementor-top-column elementor-element elementor-element-7ff5787\" data-id=\"7ff5787\" data-element_type=\"column\" data-e-type=\"column\">\n\t\t\t<div class=\"elementor-widget-wrap elementor-element-populated\">\n\t\t\t\t\t\t<div class=\"elementor-element elementor-element-7c4732f pink elementor-view-default elementor-widget elementor-widget-icon\" data-id=\"7c4732f\" data-element_type=\"widget\" data-e-type=\"widget\" data-widget_type=\"icon.default\">\n\t\t\t\t<div class=\"elementor-widget-container\">\n\t\t\t\t\t\t\t<div class=\"elementor-icon-wrapper\">\n\t\t\t<div class=\"elementor-icon\">\n\t\t\t<svg xmlns=\"http:\/\/www.w3.org\/2000\/svg\" xmlns:xlink=\"http:\/\/www.w3.org\/1999\/xlink\" width=\"179\" height=\"328\" viewBox=\"121 0 307 328\"><g id=\"Page-1\" stroke=\"none\" stroke-width=\"1\" fill=\"none\" fill-rule=\"evenodd\"><g id=\"rosa-down3\" transform=\"translate(-1.000000, 0.000000)\" fill=\"#E36386\" fill-rule=\"nonzero\"><rect id=\"Rectangle-path\" transform=\"translate(154.271085, 163.979413) rotate(49.640000) translate(-154.271085, -163.979413) \" x=\"-1.22891523\" y=\"94.9794132\" width=\"311\" height=\"138\"><\/rect><\/g><\/g><\/svg>\t\t\t<\/div>\n\t\t<\/div>\n\t\t\t\t\t\t<\/div>\n\t\t\t\t<\/div>\n\t\t\t\t\t<\/div>\n\t\t<\/div>\n\t\t\t\t\t<\/div>\n\t\t<\/div>\n\t\t<div class=\"elementor-element elementor-element-bfb5a40 section-color-transparent e-flex e-con-boxed e-con e-parent\" data-id=\"bfb5a40\" data-element_type=\"container\" data-e-type=\"container\">\n\t\t\t\t\t<div class=\"e-con-inner\">\n\t\t\t\t<div class=\"elementor-element elementor-element-b527d92 elementor-widget elementor-widget-image\" data-id=\"b527d92\" data-element_type=\"widget\" data-e-type=\"widget\" data-widget_type=\"image.default\">\n\t\t\t\t<div class=\"elementor-widget-container\">\n\t\t\t\t\t\t\t\t\t\t\t\t\t\t\t<img decoding=\"async\" width=\"768\" height=\"1086\" src=\"https:\/\/www.lesseps.net\/wp-content\/uploads\/2026\/05\/Visites-personalisees-mai-2026-768x1086.jpg\" class=\"attachment-medium_large size-medium_large wp-image-12485\" alt=\"\" srcset=\"https:\/\/www.lesseps.net\/wp-content\/uploads\/2026\/05\/Visites-personalisees-mai-2026-768x1086.jpg 768w, https:\/\/www.lesseps.net\/wp-content\/uploads\/2026\/05\/Visites-personalisees-mai-2026-212x300.jpg 212w, https:\/\/www.lesseps.net\/wp-content\/uploads\/2026\/05\/Visites-personalisees-mai-2026-724x1024.jpg 724w, https:\/\/www.lesseps.net\/wp-content\/uploads\/2026\/05\/Visites-personalisees-mai-2026-1086x1536.jpg 1086w, https:\/\/www.lesseps.net\/wp-content\/uploads\/2026\/05\/Visites-personalisees-mai-2026-1448x2048.jpg 1448w, https:\/\/www.lesseps.net\/wp-content\/uploads\/2026\/05\/Visites-personalisees-mai-2026-scaled.jpg 1810w\" sizes=\"(max-width: 768px) 100vw, 768px\" \/>\t\t\t\t\t\t\t\t\t\t\t\t\t\t\t<\/div>\n\t\t\t\t<\/div>\n\t\t\t\t\t<\/div>\n\t\t\t\t<\/div>\n\t\t\t\t<\/div>\n\t\t","protected":false},"excerpt":{"rendered":"<p>Venez d\u00e9couvrir l\u2019\u00c9cole Nous serons ravis de vous expliquer le fonctionnement de notre \u00e9cole. Contact<\/p>\n","protected":false},"author":1,"featured_media":0,"parent":6122,"menu_order":600,"comment_status":"closed","ping_status":"closed","template":"","meta":{"_acf_changed":false,"footnotes":""},"class_list":["post-6136","page","type-page","status-publish","hentry"],"acf":[],"yoast_head":"<!-- This site is optimized with the Yoast SEO plugin v27.4 - https:\/\/yoast.com\/product\/yoast-seo-wordpress\/ -->\n<title>Visite personnalis\u00e9e | \u00c9cole Ferdinand de Lesseps<\/title>\n<meta name=\"description\" content=\"Vous voulez savoir si nous sommes la meilleure \u00e9cole pour votre enfant ? Venez visiter l\u2019\u00e9cole, conna\u00eetre notre syst\u00e8me et rencontrer les professeurs.\" \/>\n<meta name=\"robots\" content=\"index, follow, max-snippet:-1, max-image-preview:large, max-video-preview:-1\" \/>\n<link rel=\"canonical\" href=\"https:\/\/www.lesseps.net\/fr\/inscriptions\/visite-personnalisee\/\" \/>\n<meta property=\"og:locale\" content=\"fr_FR\" \/>\n<meta property=\"og:type\" content=\"article\" \/>\n<meta property=\"og:title\" content=\"Visite personnalis\u00e9e | \u00c9cole Ferdinand de Lesseps\" \/>\n<meta property=\"og:description\" content=\"Vous voulez savoir si nous sommes la meilleure \u00e9cole pour votre enfant ? Venez visiter l\u2019\u00e9cole, conna\u00eetre notre syst\u00e8me et rencontrer les professeurs.\" \/>\n<meta property=\"og:url\" content=\"https:\/\/www.lesseps.net\/fr\/inscriptions\/visite-personnalisee\/\" \/>\n<meta property=\"og:site_name\" content=\"\u00c9cole fran\u00e7aise FERDINAND DE LESSEPS\" \/>\n<meta property=\"article:modified_time\" content=\"2026-05-04T09:50:48+00:00\" \/>\n<meta property=\"og:image\" content=\"https:\/\/www.lesseps.net\/wp-content\/uploads\/2023\/04\/14-e1680623343174.jpg\" \/>\n\t<meta property=\"og:image:width\" content=\"1600\" \/>\n\t<meta property=\"og:image:height\" content=\"1416\" \/>\n\t<meta property=\"og:image:type\" content=\"image\/jpeg\" \/>\n<meta name=\"twitter:card\" content=\"summary_large_image\" \/>\n<script type=\"application\/ld+json\" class=\"yoast-schema-graph\">{\"@context\":\"https:\\\/\\\/schema.org\",\"@graph\":[{\"@type\":\"WebPage\",\"@id\":\"https:\\\/\\\/www.lesseps.net\\\/fr\\\/inscriptions\\\/visite-personnalisee\\\/\",\"url\":\"https:\\\/\\\/www.lesseps.net\\\/fr\\\/inscriptions\\\/visite-personnalisee\\\/\",\"name\":\"Visite personnalis\u00e9e | \u00c9cole Ferdinand de Lesseps\",\"isPartOf\":{\"@id\":\"https:\\\/\\\/www.lesseps.net\\\/fr\\\/#website\"},\"primaryImageOfPage\":{\"@id\":\"https:\\\/\\\/www.lesseps.net\\\/fr\\\/inscriptions\\\/visite-personnalisee\\\/#primaryimage\"},\"image\":{\"@id\":\"https:\\\/\\\/www.lesseps.net\\\/fr\\\/inscriptions\\\/visite-personnalisee\\\/#primaryimage\"},\"thumbnailUrl\":\"https:\\\/\\\/www.lesseps.net\\\/wp-content\\\/uploads\\\/2023\\\/04\\\/14-e1680623343174-768x680.jpg\",\"datePublished\":\"2023-02-20T07:05:03+00:00\",\"dateModified\":\"2026-05-04T09:50:48+00:00\",\"description\":\"Vous voulez savoir si nous sommes la meilleure \u00e9cole pour votre enfant ? Venez visiter l\u2019\u00e9cole, conna\u00eetre notre syst\u00e8me et rencontrer les professeurs.\",\"breadcrumb\":{\"@id\":\"https:\\\/\\\/www.lesseps.net\\\/fr\\\/inscriptions\\\/visite-personnalisee\\\/#breadcrumb\"},\"inLanguage\":\"fr-FR\",\"potentialAction\":[{\"@type\":\"ReadAction\",\"target\":[\"https:\\\/\\\/www.lesseps.net\\\/fr\\\/inscriptions\\\/visite-personnalisee\\\/\"]}]},{\"@type\":\"ImageObject\",\"inLanguage\":\"fr-FR\",\"@id\":\"https:\\\/\\\/www.lesseps.net\\\/fr\\\/inscriptions\\\/visite-personnalisee\\\/#primaryimage\",\"url\":\"https:\\\/\\\/www.lesseps.net\\\/wp-content\\\/uploads\\\/2023\\\/04\\\/14-e1680623343174-768x680.jpg\",\"contentUrl\":\"https:\\\/\\\/www.lesseps.net\\\/wp-content\\\/uploads\\\/2023\\\/04\\\/14-e1680623343174-768x680.jpg\"},{\"@type\":\"BreadcrumbList\",\"@id\":\"https:\\\/\\\/www.lesseps.net\\\/fr\\\/inscriptions\\\/visite-personnalisee\\\/#breadcrumb\",\"itemListElement\":[{\"@type\":\"ListItem\",\"position\":1,\"name\":\"Portada\",\"item\":\"https:\\\/\\\/www.lesseps.net\\\/fr\\\/\"},{\"@type\":\"ListItem\",\"position\":2,\"name\":\"Inscriptions 2026-2027\",\"item\":\"https:\\\/\\\/www.lesseps.net\\\/fr\\\/inscripciones\\\/\"},{\"@type\":\"ListItem\",\"position\":3,\"name\":\"Visite personnalis\u00e9e\"}]},{\"@type\":\"WebSite\",\"@id\":\"https:\\\/\\\/www.lesseps.net\\\/fr\\\/#website\",\"url\":\"https:\\\/\\\/www.lesseps.net\\\/fr\\\/\",\"name\":\"\u00c9cole fran\u00e7aise FERDINAND DE LESSEPS\",\"description\":\"Barcelona\",\"publisher\":{\"@id\":\"https:\\\/\\\/www.lesseps.net\\\/fr\\\/#organization\"},\"potentialAction\":[{\"@type\":\"SearchAction\",\"target\":{\"@type\":\"EntryPoint\",\"urlTemplate\":\"https:\\\/\\\/www.lesseps.net\\\/fr\\\/?s={search_term_string}\"},\"query-input\":{\"@type\":\"PropertyValueSpecification\",\"valueRequired\":true,\"valueName\":\"search_term_string\"}}],\"inLanguage\":\"fr-FR\"},{\"@type\":\"Organization\",\"@id\":\"https:\\\/\\\/www.lesseps.net\\\/fr\\\/#organization\",\"name\":\"\u00c9cole fran\u00e7aise FERDINAND DE LESSEPS\",\"url\":\"https:\\\/\\\/www.lesseps.net\\\/fr\\\/\",\"logo\":{\"@type\":\"ImageObject\",\"inLanguage\":\"fr-FR\",\"@id\":\"https:\\\/\\\/www.lesseps.net\\\/fr\\\/#\\\/schema\\\/logo\\\/image\\\/\",\"url\":\"https:\\\/\\\/www.lesseps.net\\\/wp-content\\\/uploads\\\/2023\\\/02\\\/ecole-francaise-ferniand-de-lesseps.svg\",\"contentUrl\":\"https:\\\/\\\/www.lesseps.net\\\/wp-content\\\/uploads\\\/2023\\\/02\\\/ecole-francaise-ferniand-de-lesseps.svg\",\"caption\":\"\u00c9cole fran\u00e7aise FERDINAND DE LESSEPS\"},\"image\":{\"@id\":\"https:\\\/\\\/www.lesseps.net\\\/fr\\\/#\\\/schema\\\/logo\\\/image\\\/\"},\"sameAs\":[\"https:\\\/\\\/www.instagram.com\\\/ecole.lesseps.barcelone\\\/\",\"https:\\\/\\\/vimeo.com\\\/channels\\\/1305370\",\"https:\\\/\\\/soundcloud.com\\\/lecole-2\"]}]}<\/script>\n<!-- \/ Yoast SEO plugin. -->","yoast_head_json":{"title":"Visite personnalis\u00e9e | \u00c9cole Ferdinand de Lesseps","description":"Vous voulez savoir si nous sommes la meilleure \u00e9cole pour votre enfant ? Venez visiter l\u2019\u00e9cole, conna\u00eetre notre syst\u00e8me et rencontrer les professeurs.","robots":{"index":"index","follow":"follow","max-snippet":"max-snippet:-1","max-image-preview":"max-image-preview:large","max-video-preview":"max-video-preview:-1"},"canonical":"https:\/\/www.lesseps.net\/fr\/inscriptions\/visite-personnalisee\/","og_locale":"fr_FR","og_type":"article","og_title":"Visite personnalis\u00e9e | \u00c9cole Ferdinand de Lesseps","og_description":"Vous voulez savoir si nous sommes la meilleure \u00e9cole pour votre enfant ? Venez visiter l\u2019\u00e9cole, conna\u00eetre notre syst\u00e8me et rencontrer les professeurs.","og_url":"https:\/\/www.lesseps.net\/fr\/inscriptions\/visite-personnalisee\/","og_site_name":"\u00c9cole fran\u00e7aise FERDINAND DE LESSEPS","article_modified_time":"2026-05-04T09:50:48+00:00","og_image":[{"width":1600,"height":1416,"url":"https:\/\/www.lesseps.net\/wp-content\/uploads\/2023\/04\/14-e1680623343174.jpg","type":"image\/jpeg"}],"twitter_card":"summary_large_image","schema":{"@context":"https:\/\/schema.org","@graph":[{"@type":"WebPage","@id":"https:\/\/www.lesseps.net\/fr\/inscriptions\/visite-personnalisee\/","url":"https:\/\/www.lesseps.net\/fr\/inscriptions\/visite-personnalisee\/","name":"Visite personnalis\u00e9e | \u00c9cole Ferdinand de Lesseps","isPartOf":{"@id":"https:\/\/www.lesseps.net\/fr\/#website"},"primaryImageOfPage":{"@id":"https:\/\/www.lesseps.net\/fr\/inscriptions\/visite-personnalisee\/#primaryimage"},"image":{"@id":"https:\/\/www.lesseps.net\/fr\/inscriptions\/visite-personnalisee\/#primaryimage"},"thumbnailUrl":"https:\/\/www.lesseps.net\/wp-content\/uploads\/2023\/04\/14-e1680623343174-768x680.jpg","datePublished":"2023-02-20T07:05:03+00:00","dateModified":"2026-05-04T09:50:48+00:00","description":"Vous voulez savoir si nous sommes la meilleure \u00e9cole pour votre enfant ? Venez visiter l\u2019\u00e9cole, conna\u00eetre notre syst\u00e8me et rencontrer les professeurs.","breadcrumb":{"@id":"https:\/\/www.lesseps.net\/fr\/inscriptions\/visite-personnalisee\/#breadcrumb"},"inLanguage":"fr-FR","potentialAction":[{"@type":"ReadAction","target":["https:\/\/www.lesseps.net\/fr\/inscriptions\/visite-personnalisee\/"]}]},{"@type":"ImageObject","inLanguage":"fr-FR","@id":"https:\/\/www.lesseps.net\/fr\/inscriptions\/visite-personnalisee\/#primaryimage","url":"https:\/\/www.lesseps.net\/wp-content\/uploads\/2023\/04\/14-e1680623343174-768x680.jpg","contentUrl":"https:\/\/www.lesseps.net\/wp-content\/uploads\/2023\/04\/14-e1680623343174-768x680.jpg"},{"@type":"BreadcrumbList","@id":"https:\/\/www.lesseps.net\/fr\/inscriptions\/visite-personnalisee\/#breadcrumb","itemListElement":[{"@type":"ListItem","position":1,"name":"Portada","item":"https:\/\/www.lesseps.net\/fr\/"},{"@type":"ListItem","position":2,"name":"Inscriptions 2026-2027","item":"https:\/\/www.lesseps.net\/fr\/inscripciones\/"},{"@type":"ListItem","position":3,"name":"Visite personnalis\u00e9e"}]},{"@type":"WebSite","@id":"https:\/\/www.lesseps.net\/fr\/#website","url":"https:\/\/www.lesseps.net\/fr\/","name":"\u00c9cole fran\u00e7aise FERDINAND DE LESSEPS","description":"Barcelona","publisher":{"@id":"https:\/\/www.lesseps.net\/fr\/#organization"},"potentialAction":[{"@type":"SearchAction","target":{"@type":"EntryPoint","urlTemplate":"https:\/\/www.lesseps.net\/fr\/?s={search_term_string}"},"query-input":{"@type":"PropertyValueSpecification","valueRequired":true,"valueName":"search_term_string"}}],"inLanguage":"fr-FR"},{"@type":"Organization","@id":"https:\/\/www.lesseps.net\/fr\/#organization","name":"\u00c9cole fran\u00e7aise FERDINAND DE LESSEPS","url":"https:\/\/www.lesseps.net\/fr\/","logo":{"@type":"ImageObject","inLanguage":"fr-FR","@id":"https:\/\/www.lesseps.net\/fr\/#\/schema\/logo\/image\/","url":"https:\/\/www.lesseps.net\/wp-content\/uploads\/2023\/02\/ecole-francaise-ferniand-de-lesseps.svg","contentUrl":"https:\/\/www.lesseps.net\/wp-content\/uploads\/2023\/02\/ecole-francaise-ferniand-de-lesseps.svg","caption":"\u00c9cole fran\u00e7aise FERDINAND DE LESSEPS"},"image":{"@id":"https:\/\/www.lesseps.net\/fr\/#\/schema\/logo\/image\/"},"sameAs":["https:\/\/www.instagram.com\/ecole.lesseps.barcelone\/","https:\/\/vimeo.com\/channels\/1305370","https:\/\/soundcloud.com\/lecole-2"]}]}},"_links":{"self":[{"href":"https:\/\/www.lesseps.net\/fr\/wp-json\/wp\/v2\/pages\/6136","targetHints":{"allow":["GET"]}}],"collection":[{"href":"https:\/\/www.lesseps.net\/fr\/wp-json\/wp\/v2\/pages"}],"about":[{"href":"https:\/\/www.lesseps.net\/fr\/wp-json\/wp\/v2\/types\/page"}],"author":[{"embeddable":true,"href":"https:\/\/www.lesseps.net\/fr\/wp-json\/wp\/v2\/users\/1"}],"replies":[{"embeddable":true,"href":"https:\/\/www.lesseps.net\/fr\/wp-json\/wp\/v2\/comments?post=6136"}],"version-history":[{"count":5,"href":"https:\/\/www.lesseps.net\/fr\/wp-json\/wp\/v2\/pages\/6136\/revisions"}],"predecessor-version":[{"id":12491,"href":"https:\/\/www.lesseps.net\/fr\/wp-json\/wp\/v2\/pages\/6136\/revisions\/12491"}],"up":[{"embeddable":true,"href":"https:\/\/www.lesseps.net\/fr\/wp-json\/wp\/v2\/pages\/6122"}],"wp:attachment":[{"href":"https:\/\/www.lesseps.net\/fr\/wp-json\/wp\/v2\/media?parent=6136"}],"curies":[{"name":"wp","href":"https:\/\/api.w.org\/{rel}","templated":true}]}}