{"id":6147,"date":"2023-05-09T14:21:41","date_gmt":"2023-05-09T12:21:41","guid":{"rendered":"https:\/\/www.lesseps.net\/politica-de-cookies\/"},"modified":"2023-09-07T18:16:44","modified_gmt":"2023-09-07T16:16:44","slug":"politica-de-cookies","status":"publish","type":"page","link":"https:\/\/www.lesseps.net\/fr\/politica-de-cookies\/","title":{"rendered":"Politique des cookies"},"content":{"rendered":"\t\t<div data-elementor-type=\"wp-page\" data-elementor-id=\"6147\" class=\"elementor elementor-6147 elementor-4072\" data-elementor-post-type=\"page\">\n\t\t\t\t\t\t<section class=\"elementor-section elementor-top-section elementor-element elementor-element-51b0c637 elementor-section-boxed elementor-section-height-default elementor-section-height-default\" data-id=\"51b0c637\" data-element_type=\"section\" data-e-type=\"section\">\n\t\t\t\t\t\t<div class=\"elementor-container elementor-column-gap-no\">\n\t\t\t\t\t<div class=\"elementor-column elementor-col-100 elementor-top-column elementor-element elementor-element-6e4d67d8\" data-id=\"6e4d67d8\" data-element_type=\"column\" data-e-type=\"column\">\n\t\t\t<div class=\"elementor-widget-wrap elementor-element-populated\">\n\t\t\t\t\t\t<div class=\"elementor-element elementor-element-825cb1d elementor-widget elementor-widget-text-editor\" data-id=\"825cb1d\" data-element_type=\"widget\" data-e-type=\"widget\" data-widget_type=\"text-editor.default\">\n\t\t\t\t<div class=\"elementor-widget-container\">\n\t\t\t\t\t\t\t\t\t\r\nEn raison de l&rsquo;entr\u00e9e en vigueur de la modification de la \u00ab\u00a0Ley de Servicios de la Sociedad de la Informaci\u00f3n\u201d (LSSICE) \u00e9tablie par le d\u00e9cret royal 13\/2012, il est obligatoire d&rsquo;obtenir le consentement explicite de l&rsquo;utilisateur de tous les sites Web qui utilisent des cookies non essentiels avant qu&rsquo;il ne les parcoure.\r\n<h2><strong>Qu&rsquo;est-ce que les cookies ?<\/strong><\/h2>\r\nLes cookies et autres technologies similaires telles que les local shared objects, les cookies Flash ou les pixels sont des outils utilis\u00e9s par les serveurs Web pour stocker et r\u00e9cup\u00e9rer des informations sur leurs visiteurs, ainsi que pour assurer le bon fonctionnement du site.\r\n\r\nL&rsquo;utilisation de ces dispositifs permet au serveur Web de se souvenir de certaines donn\u00e9es concernant l&rsquo;utilisateur, telles que ses pr\u00e9f\u00e9rences pour l&rsquo;affichage des pages de ce serveur, son nom et son mot de passe, les produits qui l&rsquo;int\u00e9ressent le plus, etc.\r\n<h2><strong>Cookies accept\u00e9s par la r\u00e9glementation et cookies exempt\u00e9s<\/strong><\/h2>\r\nSelon la directive de l&rsquo;UE, les cookies qui n\u00e9cessitent le consentement \u00e9clair\u00e9 de l&rsquo;utilisateur sont les cookies d&rsquo;analyse et les cookies publicitaires et d&rsquo;affiliation, les cookies de caract\u00e8re technique et les cookies n\u00e9cessaires au fonctionnement du site Web ou \u00e0 la fourniture de services express\u00e9ment demand\u00e9s par l&rsquo;utilisateur \u00e9tant exempt\u00e9s.\r\n<h2><strong>Informations sur les cookies utilis\u00e9s :<\/strong><\/h2>\r\nNous vous informons que ce site Web utilise des cookies dans le but d&rsquo;ex\u00e9cuter les communications \u00e9lectroniques propres \u00e0 la navigation, ainsi que pour fournir ou activer les services ou fonctionnalit\u00e9s que vous avez demand\u00e9s. Ces cookies :\r\n<ul>\r\n \t<li>Enregistre la pr\u00e9f\u00e9rence de langue choisie.<\/li>\r\n \t<li>Accroissent la s\u00e9curit\u00e9 de la navigation sur notre site Web.<\/li>\r\n \t<li>Permettent une navigation plus facile.<\/li>\r\n \t<li>Permettent la lecture de contenus multim\u00e9dias.<\/li>\r\n<\/ul>\r\nCe site Web utilise \u00e9galement des cookies propres, destin\u00e9s \u00e0 recueillir des informations sur la navigation des utilisateurs sur le site, de mani\u00e8re totalement anonyme et dissoci\u00e9e, \u00e0 des fins strictement statistiques et d&rsquo;am\u00e9lioration de sa fonctionnalit\u00e9, dont l&rsquo;utilisation nous permet de :\r\n<ul>\r\n \t<li>Conna\u00eetre le nombre de visiteurs du portail de la \u00ab\u00a0FONDATION PRIV\u00c9E \u00c9COLE FRAN\u00c7AISE FERDINAND DE LESSEPS\u00a0\u00bb<\/li>\r\n \t<li>Compter le nombre de visites sur chacune des diff\u00e9rentes pages de ce portail<\/li>\r\n \t<li>Conna\u00eetre l&rsquo;activit\u00e9 sur le portail pour l&rsquo;identification de probl\u00e8mes et l&rsquo;am\u00e9lioration de la navigation<\/li>\r\n<\/ul>\r\n\t\t\t\t\t\t\t\t<\/div>\n\t\t\t\t<\/div>\n\t\t\t\t\t<\/div>\n\t\t<\/div>\n\t\t\t\t\t<\/div>\n\t\t<\/section>\n\t\t\t\t<\/div>\n\t\t","protected":false},"excerpt":{"rendered":"<p>En raison de l&rsquo;entr\u00e9e en vigueur de la modification de la \u00ab\u00a0Ley de Servicios de la Sociedad de la Informaci\u00f3n\u201d (LSSICE) \u00e9tablie par le d\u00e9cret royal 13\/2012, il est obligatoire d&rsquo;obtenir le consentement explicite de l&rsquo;utilisateur de tous les sites Web qui utilisent des cookies non essentiels avant qu&rsquo;il ne les parcoure. Qu&rsquo;est-ce que les [&hellip;]<\/p>\n","protected":false},"author":1,"featured_media":0,"parent":0,"menu_order":0,"comment_status":"closed","ping_status":"closed","template":"","meta":{"_acf_changed":false,"footnotes":""},"class_list":["post-6147","page","type-page","status-publish","hentry"],"acf":[],"yoast_head":"<!-- This site is optimized with the Yoast SEO plugin v27.2 - https:\/\/yoast.com\/product\/yoast-seo-wordpress\/ -->\n<title>Politique des cookies - \u00c9cole fran\u00e7aise FERDINAND DE LESSEPS<\/title>\n<meta name=\"robots\" content=\"noindex, nofollow\" \/>\n<meta property=\"og:locale\" content=\"fr_FR\" \/>\n<meta property=\"og:type\" content=\"article\" \/>\n<meta property=\"og:title\" content=\"Politique des cookies - \u00c9cole fran\u00e7aise FERDINAND DE LESSEPS\" \/>\n<meta property=\"og:description\" content=\"En raison de l&rsquo;entr\u00e9e en vigueur de la modification de la \u00ab\u00a0Ley de Servicios de la Sociedad de la Informaci\u00f3n\u201d (LSSICE) \u00e9tablie par le d\u00e9cret royal 13\/2012, il est obligatoire d&rsquo;obtenir le consentement explicite de l&rsquo;utilisateur de tous les sites Web qui utilisent des cookies non essentiels avant qu&rsquo;il ne les parcoure. Qu&rsquo;est-ce que les [&hellip;]\" \/>\n<meta property=\"og:url\" content=\"https:\/\/www.lesseps.net\/fr\/politica-de-cookies\/\" \/>\n<meta property=\"og:site_name\" content=\"\u00c9cole fran\u00e7aise FERDINAND DE LESSEPS\" \/>\n<meta property=\"article:modified_time\" content=\"2023-09-07T16:16:44+00:00\" \/>\n<meta name=\"twitter:card\" content=\"summary_large_image\" \/>\n<meta name=\"twitter:label1\" content=\"Dur\u00e9e de lecture estim\u00e9e\" \/>\n\t<meta name=\"twitter:data1\" content=\"5 minutes\" \/>\n<script type=\"application\/ld+json\" class=\"yoast-schema-graph\">{\"@context\":\"https:\/\/schema.org\",\"@graph\":[{\"@type\":\"WebPage\",\"@id\":\"https:\/\/www.lesseps.net\/fr\/politica-de-cookies\/\",\"url\":\"https:\/\/www.lesseps.net\/fr\/politica-de-cookies\/\",\"name\":\"Politique des cookies - \u00c9cole fran\u00e7aise FERDINAND DE LESSEPS\",\"isPartOf\":{\"@id\":\"https:\/\/www.lesseps.net\/fr\/#website\"},\"datePublished\":\"2023-05-09T12:21:41+00:00\",\"dateModified\":\"2023-09-07T16:16:44+00:00\",\"breadcrumb\":{\"@id\":\"https:\/\/www.lesseps.net\/fr\/politica-de-cookies\/#breadcrumb\"},\"inLanguage\":\"fr-FR\",\"potentialAction\":[{\"@type\":\"ReadAction\",\"target\":[\"https:\/\/www.lesseps.net\/fr\/politica-de-cookies\/\"]}]},{\"@type\":\"BreadcrumbList\",\"@id\":\"https:\/\/www.lesseps.net\/fr\/politica-de-cookies\/#breadcrumb\",\"itemListElement\":[{\"@type\":\"ListItem\",\"position\":1,\"name\":\"Portada\",\"item\":\"https:\/\/www.lesseps.net\/fr\/\"},{\"@type\":\"ListItem\",\"position\":2,\"name\":\"Politique des cookies\"}]},{\"@type\":\"WebSite\",\"@id\":\"https:\/\/www.lesseps.net\/fr\/#website\",\"url\":\"https:\/\/www.lesseps.net\/fr\/\",\"name\":\"\u00c9cole fran\u00e7aise FERDINAND DE LESSEPS\",\"description\":\"Barcelona\",\"publisher\":{\"@id\":\"https:\/\/www.lesseps.net\/fr\/#organization\"},\"potentialAction\":[{\"@type\":\"SearchAction\",\"target\":{\"@type\":\"EntryPoint\",\"urlTemplate\":\"https:\/\/www.lesseps.net\/fr\/?s={search_term_string}\"},\"query-input\":{\"@type\":\"PropertyValueSpecification\",\"valueRequired\":true,\"valueName\":\"search_term_string\"}}],\"inLanguage\":\"fr-FR\"},{\"@type\":\"Organization\",\"@id\":\"https:\/\/www.lesseps.net\/fr\/#organization\",\"name\":\"\u00c9cole fran\u00e7aise FERDINAND DE LESSEPS\",\"url\":\"https:\/\/www.lesseps.net\/fr\/\",\"logo\":{\"@type\":\"ImageObject\",\"inLanguage\":\"fr-FR\",\"@id\":\"https:\/\/www.lesseps.net\/fr\/#\/schema\/logo\/image\/\",\"url\":\"https:\/\/www.lesseps.net\/wp-content\/uploads\/2023\/02\/ecole-francaise-ferniand-de-lesseps.svg\",\"contentUrl\":\"https:\/\/www.lesseps.net\/wp-content\/uploads\/2023\/02\/ecole-francaise-ferniand-de-lesseps.svg\",\"caption\":\"\u00c9cole fran\u00e7aise FERDINAND DE LESSEPS\"},\"image\":{\"@id\":\"https:\/\/www.lesseps.net\/fr\/#\/schema\/logo\/image\/\"},\"sameAs\":[\"https:\/\/www.instagram.com\/ecole.lesseps.barcelone\/\",\"https:\/\/vimeo.com\/channels\/1305370\",\"https:\/\/soundcloud.com\/lecole-2\"]}]}<\/script>\n<!-- \/ Yoast SEO plugin. -->","yoast_head_json":{"title":"Politique des cookies - \u00c9cole fran\u00e7aise FERDINAND DE LESSEPS","robots":{"index":"noindex","follow":"nofollow"},"og_locale":"fr_FR","og_type":"article","og_title":"Politique des cookies - \u00c9cole fran\u00e7aise FERDINAND DE LESSEPS","og_description":"En raison de l&rsquo;entr\u00e9e en vigueur de la modification de la \u00ab\u00a0Ley de Servicios de la Sociedad de la Informaci\u00f3n\u201d (LSSICE) \u00e9tablie par le d\u00e9cret royal 13\/2012, il est obligatoire d&rsquo;obtenir le consentement explicite de l&rsquo;utilisateur de tous les sites Web qui utilisent des cookies non essentiels avant qu&rsquo;il ne les parcoure. Qu&rsquo;est-ce que les [&hellip;]","og_url":"https:\/\/www.lesseps.net\/fr\/politica-de-cookies\/","og_site_name":"\u00c9cole fran\u00e7aise FERDINAND DE LESSEPS","article_modified_time":"2023-09-07T16:16:44+00:00","twitter_card":"summary_large_image","twitter_misc":{"Dur\u00e9e de lecture estim\u00e9e":"5 minutes"},"schema":{"@context":"https:\/\/schema.org","@graph":[{"@type":"WebPage","@id":"https:\/\/www.lesseps.net\/fr\/politica-de-cookies\/","url":"https:\/\/www.lesseps.net\/fr\/politica-de-cookies\/","name":"Politique des cookies - \u00c9cole fran\u00e7aise FERDINAND DE LESSEPS","isPartOf":{"@id":"https:\/\/www.lesseps.net\/fr\/#website"},"datePublished":"2023-05-09T12:21:41+00:00","dateModified":"2023-09-07T16:16:44+00:00","breadcrumb":{"@id":"https:\/\/www.lesseps.net\/fr\/politica-de-cookies\/#breadcrumb"},"inLanguage":"fr-FR","potentialAction":[{"@type":"ReadAction","target":["https:\/\/www.lesseps.net\/fr\/politica-de-cookies\/"]}]},{"@type":"BreadcrumbList","@id":"https:\/\/www.lesseps.net\/fr\/politica-de-cookies\/#breadcrumb","itemListElement":[{"@type":"ListItem","position":1,"name":"Portada","item":"https:\/\/www.lesseps.net\/fr\/"},{"@type":"ListItem","position":2,"name":"Politique des cookies"}]},{"@type":"WebSite","@id":"https:\/\/www.lesseps.net\/fr\/#website","url":"https:\/\/www.lesseps.net\/fr\/","name":"\u00c9cole fran\u00e7aise FERDINAND DE LESSEPS","description":"Barcelona","publisher":{"@id":"https:\/\/www.lesseps.net\/fr\/#organization"},"potentialAction":[{"@type":"SearchAction","target":{"@type":"EntryPoint","urlTemplate":"https:\/\/www.lesseps.net\/fr\/?s={search_term_string}"},"query-input":{"@type":"PropertyValueSpecification","valueRequired":true,"valueName":"search_term_string"}}],"inLanguage":"fr-FR"},{"@type":"Organization","@id":"https:\/\/www.lesseps.net\/fr\/#organization","name":"\u00c9cole fran\u00e7aise FERDINAND DE LESSEPS","url":"https:\/\/www.lesseps.net\/fr\/","logo":{"@type":"ImageObject","inLanguage":"fr-FR","@id":"https:\/\/www.lesseps.net\/fr\/#\/schema\/logo\/image\/","url":"https:\/\/www.lesseps.net\/wp-content\/uploads\/2023\/02\/ecole-francaise-ferniand-de-lesseps.svg","contentUrl":"https:\/\/www.lesseps.net\/wp-content\/uploads\/2023\/02\/ecole-francaise-ferniand-de-lesseps.svg","caption":"\u00c9cole fran\u00e7aise FERDINAND DE LESSEPS"},"image":{"@id":"https:\/\/www.lesseps.net\/fr\/#\/schema\/logo\/image\/"},"sameAs":["https:\/\/www.instagram.com\/ecole.lesseps.barcelone\/","https:\/\/vimeo.com\/channels\/1305370","https:\/\/soundcloud.com\/lecole-2"]}]}},"_links":{"self":[{"href":"https:\/\/www.lesseps.net\/fr\/wp-json\/wp\/v2\/pages\/6147","targetHints":{"allow":["GET"]}}],"collection":[{"href":"https:\/\/www.lesseps.net\/fr\/wp-json\/wp\/v2\/pages"}],"about":[{"href":"https:\/\/www.lesseps.net\/fr\/wp-json\/wp\/v2\/types\/page"}],"author":[{"embeddable":true,"href":"https:\/\/www.lesseps.net\/fr\/wp-json\/wp\/v2\/users\/1"}],"replies":[{"embeddable":true,"href":"https:\/\/www.lesseps.net\/fr\/wp-json\/wp\/v2\/comments?post=6147"}],"version-history":[{"count":0,"href":"https:\/\/www.lesseps.net\/fr\/wp-json\/wp\/v2\/pages\/6147\/revisions"}],"wp:attachment":[{"href":"https:\/\/www.lesseps.net\/fr\/wp-json\/wp\/v2\/media?parent=6147"}],"curies":[{"name":"wp","href":"https:\/\/api.w.org\/{rel}","templated":true}]}}